{"id":342,"date":"2021-03-19T21:59:50","date_gmt":"2021-03-19T20:59:50","guid":{"rendered":"https:\/\/eden-europe.eu\/30\/?page_id=342"},"modified":"2021-07-22T11:35:00","modified_gmt":"2021-07-22T10:35:00","slug":"young-scholars-best-paper-award","status":"publish","type":"page","link":"https:\/\/eden-europe.eu\/30\/history-of-eden\/awards\/young-scholars-best-paper-award\/","title":{"rendered":"Young Scholars\u2019 Best Paper Award"},"content":{"rendered":"[et_pb_section fb_built=&#8221;1&#8243; _builder_version=&#8221;4.9.1&#8243; _module_preset=&#8221;default&#8221;][et_pb_row module_class=&#8221;btn-inline&#8221; _builder_version=&#8221;4.9.1&#8243; _module_preset=&#8221;default&#8221;][et_pb_column type=&#8221;4_4&#8243; _builder_version=&#8221;4.9.1&#8243; _module_preset=&#8221;default&#8221;][et_pb_button button_url=&#8221;@ET-DC@eyJkeW5hbWljIjp0cnVlLCJjb250ZW50IjoicG9zdF9saW5rX3VybF9wYWdlIiwic2V0dGluZ3MiOnsicG9zdF9pZCI6IjM4In19@&#8221; button_text=&#8221;Back to History&#8221; _builder_version=&#8221;4.9.1&#8243; _dynamic_attributes=&#8221;button_url&#8221; _module_preset=&#8221;42d3292c-391c-4c02-9cff-1a32d8252c10&#8243;][\/et_pb_button][et_pb_button button_url=&#8221;@ET-DC@eyJkeW5hbWljIjp0cnVlLCJjb250ZW50IjoicG9zdF9saW5rX3VybF9wYWdlIiwic2V0dGluZ3MiOnsicG9zdF9pZCI6IjMxMiJ9fQ==@&#8221; button_text=&#8221;VIEW ALL AWARDS&#8221; _builder_version=&#8221;4.9.1&#8243; _dynamic_attributes=&#8221;button_url&#8221; _module_preset=&#8221;42d3292c-391c-4c02-9cff-1a32d8252c10&#8243;][\/et_pb_button][\/et_pb_column][\/et_pb_row][et_pb_row _builder_version=&#8221;4.9.1&#8243; _module_preset=&#8221;default&#8221;][et_pb_column type=&#8221;4_4&#8243; _builder_version=&#8221;4.9.1&#8243; _module_preset=&#8221;default&#8221;][et_pb_text _builder_version=&#8221;4.9.1&#8243; _module_preset=&#8221;default&#8221;]\n<h2>Young Scholars\u2019 Best Paper Award<\/h2>\n<p><span>The award may be issued subject to receiving submissions of significant quality in this category.<\/span><\/p>\n[\/et_pb_text][\/et_pb_column][\/et_pb_row][\/et_pb_section][et_pb_section fb_built=&#8221;1&#8243; _builder_version=&#8221;4.9.1&#8243; _module_preset=&#8221;default&#8221; custom_padding=&#8221;16px||15px|||&#8221;][et_pb_row _builder_version=&#8221;4.9.1&#8243; _module_preset=&#8221;default&#8221; custom_margin=&#8221;|auto|-1px|auto||&#8221;][et_pb_column type=&#8221;4_4&#8243; _builder_version=&#8221;4.9.1&#8243; _module_preset=&#8221;default&#8221;][et_pb_text _builder_version=&#8221;4.9.1&#8243; _module_preset=&#8221;default&#8221; hover_enabled=&#8221;0&#8243; sticky_enabled=&#8221;0&#8243;]\n<h1>2021<\/h1>\n[\/et_pb_text][\/et_pb_column][\/et_pb_row][et_pb_row _builder_version=&#8221;4.9.1&#8243; _module_preset=&#8221;default&#8221;][et_pb_column type=&#8221;4_4&#8243; _builder_version=&#8221;4.9.1&#8243; _module_preset=&#8221;default&#8221;][et_pb_text _builder_version=&#8221;4.9.1&#8243; _module_preset=&#8221;default&#8221; custom_margin=&#8221;-17px|||||&#8221; hover_enabled=&#8221;0&#8243; sticky_enabled=&#8221;0&#8243;]\n<h3>Beyza \u00d6z Dal, Dilek G\u00fcler, Ezgi Tufan, Aysegul Liman Kaban<\/h3>\n<p>Istanbul University; Mentora Education Group; Bah\u00e7e\u015fehir University, Turkey<br \/>Virtual Annual Conference, Madrid\u2013 #eden21<\/p>\n[\/et_pb_text][\/et_pb_column][\/et_pb_row][\/et_pb_section][et_pb_section fb_built=&#8221;1&#8243; _builder_version=&#8221;4.9.1&#8243; _module_preset=&#8221;default&#8221; custom_padding=&#8221;16px||15px|||&#8221;][et_pb_row _builder_version=&#8221;4.9.1&#8243; _module_preset=&#8221;default&#8221; custom_margin=&#8221;|auto|-1px|auto||&#8221;][et_pb_column type=&#8221;4_4&#8243; _builder_version=&#8221;4.9.1&#8243; _module_preset=&#8221;default&#8221;][et_pb_text _builder_version=&#8221;4.9.1&#8243; _module_preset=&#8221;default&#8221;]\n<h1>2020<\/h1>\n[\/et_pb_text][\/et_pb_column][\/et_pb_row][et_pb_row _builder_version=&#8221;4.9.1&#8243; _module_preset=&#8221;default&#8221;][et_pb_column type=&#8221;4_4&#8243; _builder_version=&#8221;4.9.1&#8243; _module_preset=&#8221;default&#8221;][et_pb_text _builder_version=&#8221;4.9.1&#8243; _module_preset=&#8221;default&#8221; custom_margin=&#8221;-17px|||||&#8221;]\n<h3>Francesca Amenduni<\/h3>\n<p>University Roma Tre, Italy\u00a0<br \/>Virtual Annual Conference, Timisoara \u2013 #eden20<\/p>\n[\/et_pb_text][\/et_pb_column][\/et_pb_row][\/et_pb_section][et_pb_section fb_built=&#8221;1&#8243; _builder_version=&#8221;4.9.1&#8243; _module_preset=&#8221;default&#8221; custom_padding=&#8221;16px||15px|||&#8221;][et_pb_row _builder_version=&#8221;4.9.1&#8243; _module_preset=&#8221;default&#8221; custom_margin=&#8221;|auto|-1px|auto||&#8221;][et_pb_column type=&#8221;4_4&#8243; _builder_version=&#8221;4.9.1&#8243; _module_preset=&#8221;default&#8221;][et_pb_text _builder_version=&#8221;4.9.1&#8243; _module_preset=&#8221;default&#8221;]\n<h1>2019<\/h1>\n[\/et_pb_text][\/et_pb_column][\/et_pb_row][et_pb_row _builder_version=&#8221;4.9.1&#8243; _module_preset=&#8221;default&#8221;][et_pb_column type=&#8221;4_4&#8243; _builder_version=&#8221;4.9.1&#8243; _module_preset=&#8221;default&#8221;][et_pb_text _builder_version=&#8221;4.9.1&#8243; _module_preset=&#8221;default&#8221; custom_margin=&#8221;-17px|||||&#8221;]\n<h3>Louise Maddens<\/h3>\n<p>KU Leuven &amp; KU Leuven Campus KULAK Kortrijk, Belgium<br \/><a href=\"http:\/\/www.eden-online.org\/wp-content\/uploads\/2019\/06\/YS_2019_BRGS_Maddens_et_al.pdf\">The Instructional Design of an Online Learning Environment (RISSC) for Upper Secondary School Students\u2019 Research Skills<\/a><br \/>Annual Conference, Bruges \u2013 #eden19<\/p>\n[\/et_pb_text][\/et_pb_column][\/et_pb_row][\/et_pb_section][et_pb_section fb_built=&#8221;1&#8243; _builder_version=&#8221;4.9.1&#8243; _module_preset=&#8221;default&#8221; custom_padding=&#8221;16px||15px|||&#8221;][et_pb_row _builder_version=&#8221;4.9.1&#8243; _module_preset=&#8221;default&#8221; custom_margin=&#8221;|auto|-1px|auto||&#8221;][et_pb_column type=&#8221;4_4&#8243; _builder_version=&#8221;4.9.1&#8243; _module_preset=&#8221;default&#8221;][et_pb_text _builder_version=&#8221;4.9.1&#8243; _module_preset=&#8221;default&#8221;]\n<h1>2018<\/h1>\n[\/et_pb_text][\/et_pb_column][\/et_pb_row][et_pb_row _builder_version=&#8221;4.9.1&#8243; _module_preset=&#8221;default&#8221;][et_pb_column type=&#8221;4_4&#8243; _builder_version=&#8221;4.9.1&#8243; _module_preset=&#8221;default&#8221;][et_pb_text _builder_version=&#8221;4.9.1&#8243; _module_preset=&#8221;default&#8221; custom_margin=&#8221;-17px|||||&#8221;]\n<div class=\"fellow\">\n<h3>Maria Rosaria Re<\/h3>\n<p>Roma Tre University, Italy<br \/><a href=\"http:\/\/www.eden-online.org\/wp-content\/uploads\/2018\/06\/YS_2018-GNV_Poce_et_al.pdf\">MuseTech: A Web App to Enhance 21st Century Skills through Heritage Education<\/a><br \/>Annual Conference, Genova \u2013 #eden18<\/p>\n<p>&nbsp;<\/p>\n<\/div>\n<div class=\"fellow\">\n<h3>Mengjie Jiang<\/h3>\n<p>University of Leicester, United Kingdom<br \/><a href=\"http:\/\/www.eden-online.org\/wp-content\/uploads\/2018\/06\/YS_2018-GNV_Jiang_Edirisingha.pdf\">Boundary Crossing: International Students\u2019 Negotiating Higher Education Learning with Digital Tools and Resources<\/a><br \/>Annual Conference, Genova \u2013 #eden18<\/p>\n<\/div>\n[\/et_pb_text][\/et_pb_column][\/et_pb_row][\/et_pb_section][et_pb_section fb_built=&#8221;1&#8243; _builder_version=&#8221;4.9.1&#8243; _module_preset=&#8221;default&#8221; custom_padding=&#8221;16px||15px|||&#8221;][et_pb_row _builder_version=&#8221;4.9.1&#8243; _module_preset=&#8221;default&#8221; custom_margin=&#8221;|auto|-1px|auto||&#8221;][et_pb_column type=&#8221;4_4&#8243; _builder_version=&#8221;4.9.1&#8243; _module_preset=&#8221;default&#8221;][et_pb_text _builder_version=&#8221;4.9.1&#8243; _module_preset=&#8221;default&#8221;]\n<h1>2017<\/h1>\n[\/et_pb_text][\/et_pb_column][\/et_pb_row][et_pb_row _builder_version=&#8221;4.9.1&#8243; _module_preset=&#8221;default&#8221;][et_pb_column type=&#8221;4_4&#8243; _builder_version=&#8221;4.9.1&#8243; _module_preset=&#8221;default&#8221;][et_pb_text _builder_version=&#8221;4.9.1&#8243; _module_preset=&#8221;default&#8221; custom_margin=&#8221;-17px|||||&#8221;]\n<div class=\"fellow\">\n<h3>Nikola Kadoic<\/h3>\n<p>University of Zagreb, Croatia<\/p>\n<\/div>\n[\/et_pb_text][\/et_pb_column][\/et_pb_row][\/et_pb_section][et_pb_section fb_built=&#8221;1&#8243; _builder_version=&#8221;4.9.1&#8243; _module_preset=&#8221;default&#8221; custom_padding=&#8221;16px||15px|||&#8221;][et_pb_row _builder_version=&#8221;4.9.1&#8243; _module_preset=&#8221;default&#8221; custom_margin=&#8221;|auto|-1px|auto||&#8221;][et_pb_column type=&#8221;4_4&#8243; _builder_version=&#8221;4.9.1&#8243; _module_preset=&#8221;default&#8221;][et_pb_text _builder_version=&#8221;4.9.1&#8243; _module_preset=&#8221;default&#8221;]\n<h1>2016<\/h1>\n[\/et_pb_text][\/et_pb_column][\/et_pb_row][et_pb_row _builder_version=&#8221;4.9.1&#8243; _module_preset=&#8221;default&#8221;][et_pb_column type=&#8221;4_4&#8243; _builder_version=&#8221;4.9.1&#8243; _module_preset=&#8221;default&#8221;][et_pb_text _builder_version=&#8221;4.9.1&#8243; _module_preset=&#8221;default&#8221; custom_margin=&#8221;-17px|||||&#8221;]\n<div class=\"fellow\">\n<h3>\u00c1gnes Gaul-\u00c1cs<\/h3>\n<p>KAPT\u00c1R Visual Arts Workshop and Archive, Hungary<br \/><a href=\"http:\/\/www.eden-online.org\/wp-content\/uploads\/2016\/07\/YS_BP-2016_Karpati_Simon_Gaul-Acs.pdf\">Digital Creativity for Net Generation Students: Retooling the Art and Design Environment at School<\/a><br \/>Annual Conference, Budapest \u2013 #eden16<\/p>\n<p>&nbsp;<\/p>\n<h3>D\u00e1vid S\u00edk<\/h3>\n<p>Budapest University of Technology and Economics, Hungary<br \/><a href=\"http:\/\/www.eden-online.org\/wp-content\/uploads\/2016\/07\/YS_BP-2016_Molnar_Sik_Szuts.pdf\">Use of Big Data in Education Efficiency Analysis<\/a><br \/>Annual Conference, Budapest \u2013 #eden16<\/p>\n<\/div>\n[\/et_pb_text][\/et_pb_column][\/et_pb_row][\/et_pb_section][et_pb_section fb_built=&#8221;1&#8243; _builder_version=&#8221;4.9.1&#8243; _module_preset=&#8221;default&#8221; custom_padding=&#8221;16px||15px|||&#8221;][et_pb_row _builder_version=&#8221;4.9.1&#8243; _module_preset=&#8221;default&#8221; custom_margin=&#8221;|auto|-1px|auto||&#8221;][et_pb_column type=&#8221;4_4&#8243; _builder_version=&#8221;4.9.1&#8243; _module_preset=&#8221;default&#8221;][et_pb_text _builder_version=&#8221;4.9.1&#8243; _module_preset=&#8221;default&#8221;]\n<h1>2015<\/h1>\n[\/et_pb_text][\/et_pb_column][\/et_pb_row][et_pb_row _builder_version=&#8221;4.9.1&#8243; _module_preset=&#8221;default&#8221;][et_pb_column type=&#8221;4_4&#8243; _builder_version=&#8221;4.9.1&#8243; _module_preset=&#8221;default&#8221;][et_pb_text _builder_version=&#8221;4.9.1&#8243; _module_preset=&#8221;default&#8221; custom_margin=&#8221;-17px|||||&#8221;]\n<div class=\"fellow\">\n<h3>Lina Xue<\/h3>\n<p>KU Leuven, Belgium<br \/><a href=\"http:\/\/www.eden-online.org\/wp-content\/uploads\/2016\/05\/YRGA_Xue_et_al.pdf\">Applying Biggs Constructive Alignment to Online Interdisciplinary Education<\/a><br \/>Annual Conference, Barcelona \u2013 #EDEN15<\/p>\n<p>&nbsp;<\/p>\n<h3>Daniel Puntis<\/h3>\n<p>Newcastle University, United Kingdom<br \/><a href=\"http:\/\/www.eden-online.org\/wp-content\/uploads\/2016\/05\/YRGA_Puntis_Delgaty.pdf\">Making It Mobile: Changing Approaches to Clinical Learning Environments<\/a><br \/>Annual Conference, Barcelona \u2013 #EDEN15<\/p>\n<\/div>\n[\/et_pb_text][\/et_pb_column][\/et_pb_row][\/et_pb_section][et_pb_section fb_built=&#8221;1&#8243; _builder_version=&#8221;4.9.1&#8243; _module_preset=&#8221;default&#8221; custom_padding=&#8221;16px||15px|||&#8221;][et_pb_row _builder_version=&#8221;4.9.1&#8243; _module_preset=&#8221;default&#8221; custom_margin=&#8221;|auto|-1px|auto||&#8221;][et_pb_column type=&#8221;4_4&#8243; _builder_version=&#8221;4.9.1&#8243; _module_preset=&#8221;default&#8221;][et_pb_text _builder_version=&#8221;4.9.1&#8243; _module_preset=&#8221;default&#8221;]\n<h1>2015<\/h1>\n[\/et_pb_text][\/et_pb_column][\/et_pb_row][et_pb_row _builder_version=&#8221;4.9.1&#8243; _module_preset=&#8221;default&#8221;][et_pb_column type=&#8221;4_4&#8243; _builder_version=&#8221;4.9.1&#8243; _module_preset=&#8221;default&#8221;][et_pb_text _builder_version=&#8221;4.9.1&#8243; _module_preset=&#8221;default&#8221; custom_margin=&#8221;-17px|||||&#8221;]\n<div class=\"fellow\">\n<h3>Lina Xue<\/h3>\n<p>KU Leuven, Belgium<br \/><a href=\"http:\/\/www.eden-online.org\/wp-content\/uploads\/2016\/05\/YRGA_Xue_et_al.pdf\">Applying Biggs Constructive Alignment to Online Interdisciplinary Education<\/a><br \/>Annual Conference, Barcelona \u2013 #EDEN15<\/p>\n<p>&nbsp;<\/p>\n<h3>Daniel Puntis<\/h3>\n<p>Newcastle University, United Kingdom<br \/><a href=\"http:\/\/www.eden-online.org\/wp-content\/uploads\/2016\/05\/YRGA_Puntis_Delgaty.pdf\">Making It Mobile: Changing Approaches to Clinical Learning Environments<\/a><br \/>Annual Conference, Barcelona \u2013 #EDEN15<\/p>\n<\/div>\n[\/et_pb_text][\/et_pb_column][\/et_pb_row][\/et_pb_section][et_pb_section fb_built=&#8221;1&#8243; admin_label=&#8221;Footer&#8221; _builder_version=&#8221;4.9.1&#8243; background_color=&#8221;#f7f8fc&#8221; custom_padding=&#8221;0px|0px|45px|0px||&#8221; animation_style=&#8221;zoom&#8221; animation_direction=&#8221;bottom&#8221; animation_intensity_zoom=&#8221;6%&#8221; animation_starting_opacity=&#8221;100%&#8221; global_module=&#8221;425&#8243; saved_tabs=&#8221;all&#8221; locked=&#8221;off&#8221;][et_pb_row column_structure=&#8221;3_5,2_5&#8243; use_custom_gutter=&#8221;on&#8221; gutter_width=&#8221;2&#8243; _builder_version=&#8221;4.9.1&#8243; background_size=&#8221;initial&#8221; background_position=&#8221;top_left&#8221; background_repeat=&#8221;repeat&#8221; custom_padding=&#8221;60px|||||&#8221;][et_pb_column type=&#8221;3_5&#8243; _builder_version=&#8221;3.25&#8243; custom_padding=&#8221;|||&#8221; custom_padding__hover=&#8221;|||&#8221;][et_pb_text _builder_version=&#8221;4.9.1&#8243; header_font=&#8221;||||||||&#8221; header_text_color=&#8221;#0054A6&#8243; header_2_font=&#8221;|700|||||||&#8221; header_2_text_color=&#8221;#0054A6&#8243; header_2_font_size=&#8221;36px&#8221; header_2_line_height=&#8221;1.3em&#8221; background_size=&#8221;initial&#8221; background_position=&#8221;top_left&#8221; background_repeat=&#8221;repeat&#8221; custom_margin=&#8221;||20px|&#8221; animation_style=&#8221;slide&#8221; animation_direction=&#8221;bottom&#8221; animation_intensity_slide=&#8221;10%&#8221; header_font_size__hover=&#8221;30px&#8221; header_font_size__hover_enabled=&#8221;30px&#8221; header_letter_spacing__hover=&#8221;0px&#8221; header_letter_spacing__hover_enabled=&#8221;0px&#8221; header_text_shadow_style__hover=&#8221;none&#8221; header_text_shadow_style__hover_enabled=&#8221;none&#8221; header_text_shadow_color__hover=&#8221;rgba(0,0,0,0.4)&#8221; header_text_shadow_color__hover_enabled=&#8221;rgba(0,0,0,0.4)&#8221;]\n<h2>Do you have an inspiring story of EDEN to tell?<\/h2>\n[\/et_pb_text][et_pb_text _builder_version=&#8221;4.9.1&#8243; text_text_color=&#8221;#5780a5&#8243; text_font_size=&#8221;22px&#8221; text_line_height=&#8221;1.9em&#8221; background_size=&#8221;initial&#8221; background_position=&#8221;top_left&#8221; background_repeat=&#8221;repeat&#8221; animation_style=&#8221;fade&#8221; locked=&#8221;off&#8221;]\n<p>Share your experience with our community!<\/p>\n[\/et_pb_text][\/et_pb_column][et_pb_column type=&#8221;2_5&#8243; _builder_version=&#8221;3.25&#8243; custom_padding=&#8221;|||&#8221; custom_padding__hover=&#8221;|||&#8221;][et_pb_button button_url=&#8221;@ET-DC@eyJkeW5hbWljIjp0cnVlLCJjb250ZW50IjoicG9zdF9saW5rX3VybF9wYWdlIiwic2V0dGluZ3MiOnsicG9zdF9pZCI6IjIwMiJ9fQ==@&#8221; button_text=&#8221;Share your story&#8221; button_alignment=&#8221;center&#8221; _builder_version=&#8221;4.9.1&#8243; _dynamic_attributes=&#8221;button_url&#8221; custom_button=&#8221;on&#8221; button_text_size=&#8221;16px&#8221; button_text_color=&#8221;#ffffff&#8221; button_bg_color=&#8221;#0054A6&#8243; button_border_width=&#8221;10px&#8221; button_border_color=&#8221;#0054A6&#8243; button_border_radius=&#8221;100px&#8221; button_letter_spacing=&#8221;1px&#8221; button_font=&#8221;|on||on|&#8221; button_icon=&#8221;%%36%%&#8221; button_on_hover=&#8221;off&#8221; custom_margin=&#8221;50px|||||&#8221; custom_padding=&#8221;4px|30px|||false|false&#8221; animation_style=&#8221;zoom&#8221; animation_delay=&#8221;100ms&#8221; animation_intensity_zoom=&#8221;6%&#8221; box_shadow_style=&#8221;preset1&#8243; box_shadow_vertical=&#8221;10px&#8221; box_shadow_blur=&#8221;50px&#8221; box_shadow_spread=&#8221;5px&#8221; box_shadow_color=&#8221;rgba(0,84,166,0.4)&#8221; button_letter_spacing_hover=&#8221;2px&#8221; locked=&#8221;off&#8221; button_text_size__hover_enabled=&#8221;off&#8221; button_one_text_size__hover_enabled=&#8221;off&#8221; button_two_text_size__hover_enabled=&#8221;off&#8221; button_text_color__hover_enabled=&#8221;off&#8221; button_one_text_color__hover_enabled=&#8221;off&#8221; button_two_text_color__hover_enabled=&#8221;off&#8221; button_border_width__hover_enabled=&#8221;off&#8221; button_one_border_width__hover_enabled=&#8221;off&#8221; button_two_border_width__hover_enabled=&#8221;off&#8221; button_border_color__hover_enabled=&#8221;off&#8221; button_one_border_color__hover_enabled=&#8221;off&#8221; button_two_border_color__hover_enabled=&#8221;off&#8221; button_border_radius__hover_enabled=&#8221;off&#8221; button_one_border_radius__hover_enabled=&#8221;off&#8221; button_two_border_radius__hover_enabled=&#8221;off&#8221; button_letter_spacing__hover_enabled=&#8221;on&#8221; button_letter_spacing__hover=&#8221;2px&#8221; button_one_letter_spacing__hover_enabled=&#8221;off&#8221; button_two_letter_spacing__hover_enabled=&#8221;off&#8221; button_bg_color__hover_enabled=&#8221;off&#8221; button_one_bg_color__hover_enabled=&#8221;off&#8221; button_two_bg_color__hover_enabled=&#8221;off&#8221;][\/et_pb_button][\/et_pb_column][\/et_pb_row][\/et_pb_section]\n","protected":false},"excerpt":{"rendered":"<p>Young Scholars\u2019 Best Paper Award The award may be issued subject to receiving submissions of significant quality in this category.2021Beyza \u00d6z Dal, Dilek G\u00fcler, Ezgi Tufan, Aysegul Liman Kaban Istanbul University; Mentora Education Group; Bah\u00e7e\u015fehir University, TurkeyVirtual Annual Conference, Madrid\u2013 #eden212020Francesca Amenduni University Roma Tre, Italy\u00a0Virtual Annual Conference, Timisoara \u2013 #eden202019Louise Maddens KU Leuven &amp; [&hellip;]<\/p>\n","protected":false},"author":2,"featured_media":0,"parent":312,"menu_order":0,"comment_status":"closed","ping_status":"closed","template":"","meta":{"_et_pb_use_builder":"on","_et_pb_old_content":"","_et_gb_content_width":""},"_links":{"self":[{"href":"https:\/\/eden-europe.eu\/30\/wp-json\/wp\/v2\/pages\/342"}],"collection":[{"href":"https:\/\/eden-europe.eu\/30\/wp-json\/wp\/v2\/pages"}],"about":[{"href":"https:\/\/eden-europe.eu\/30\/wp-json\/wp\/v2\/types\/page"}],"author":[{"embeddable":true,"href":"https:\/\/eden-europe.eu\/30\/wp-json\/wp\/v2\/users\/2"}],"replies":[{"embeddable":true,"href":"https:\/\/eden-europe.eu\/30\/wp-json\/wp\/v2\/comments?post=342"}],"version-history":[{"count":5,"href":"https:\/\/eden-europe.eu\/30\/wp-json\/wp\/v2\/pages\/342\/revisions"}],"predecessor-version":[{"id":1679,"href":"https:\/\/eden-europe.eu\/30\/wp-json\/wp\/v2\/pages\/342\/revisions\/1679"}],"up":[{"embeddable":true,"href":"https:\/\/eden-europe.eu\/30\/wp-json\/wp\/v2\/pages\/312"}],"wp:attachment":[{"href":"https:\/\/eden-europe.eu\/30\/wp-json\/wp\/v2\/media?parent=342"}],"curies":[{"name":"wp","href":"https:\/\/api.w.org\/{rel}","templated":true}]}}